{"id":18733,"date":"2022-11-28T08:17:32","date_gmt":"2022-11-28T08:17:32","guid":{"rendered":"https:\/\/wp.siteos.de\/wp\/?page_id=18733"},"modified":"2025-04-24T14:01:57","modified_gmt":"2025-04-24T14:01:57","slug":"individuelle-software","status":"publish","type":"page","link":"https:\/\/www.siteos.de\/wp\/individuelle-software\/","title":{"rendered":"Individuelle Software"},"content":{"rendered":"\t\t<div data-elementor-type=\"wp-page\" data-elementor-id=\"18733\" class=\"elementor elementor-18733\" data-elementor-post-type=\"page\">\n\t\t\t\t\t\t<section class=\"elementor-section elementor-top-section elementor-element elementor-element-87e2c5b elementor-section-boxed elementor-section-height-default elementor-section-height-default\" data-id=\"87e2c5b\" data-element_type=\"section\" data-e-type=\"section\">\n\t\t\t\t\t\t<div class=\"elementor-container elementor-column-gap-default\">\n\t\t\t\t\t<div class=\"elementor-column elementor-col-100 elementor-top-column elementor-element elementor-element-b6a772a\" data-id=\"b6a772a\" data-element_type=\"column\" data-e-type=\"column\">\n\t\t\t<div class=\"elementor-widget-wrap elementor-element-populated\">\n\t\t\t\t\t\t<div class=\"elementor-element elementor-element-08e8cb4 elementor-widget elementor-widget-heading\" data-id=\"08e8cb4\" data-element_type=\"widget\" data-e-type=\"widget\" data-widget_type=\"heading.default\">\n\t\t\t\t<div class=\"elementor-widget-container\">\n\t\t\t\t\t<h2 class=\"elementor-heading-title elementor-size-default\">Individualisierung f\u00fcr den Erfolg unserer Kunden<\/h2>\t\t\t\t<\/div>\n\t\t\t\t<\/div>\n\t\t\t\t<div class=\"elementor-element elementor-element-064adb4 elementor-widget__width-initial elementor-widget elementor-widget-text-editor\" data-id=\"064adb4\" data-element_type=\"widget\" data-e-type=\"widget\" data-widget_type=\"text-editor.default\">\n\t\t\t\t<div class=\"elementor-widget-container\">\n\t\t\t\t\t\t\t\t\t<p>SiteOS realisiert exakt auf den Bed\u00fcrfnissen seiner Kunden ausgerichtete IT-Systeme. Je nach Aufgabenstellung setzen wir diese mit offenen, standardisierten oder individuell entwickelten Komponenten um. Fast immer werden unsere Individual-L\u00f6sungen in die existente IT-Landschaft des Kunden integriert.<\/p><p>Somit orientiert sich SiteOS-Software stets an den Unternehmensprozessen und der vorhandenen IT-Infrastruktur des Auftraggebers und nicht umgekehrt.<\/p><p>SiteOS verwendet die besten Technologien f\u00fcr den jeweiligen Anwendungsfall (Best Fit!). Beispielsweise haben wir diverse Applikationen sehr erfolgreich mit hybriden Datenspeicherans\u00e4tzen umgesetzt.\u00a0\u00a0<\/p><p>Zudem hat SiteOS bereits eine Vielzahl von fertig umgesetzten L\u00f6sungsmodulen \u201eCommons\u201c welche lediglich eingebunden und minimal adaptiert werden m\u00fcssen.<\/p><p>SiteOS verwendet au\u00dferdem einen MDD (Model Driven Design) \u2013 Entwicklungsansatz und setzt exzessiv auf Codegenerierung f\u00fcr Standardframeworks.\u00a0 Das hei\u00dft, weite Teile der Applikation k\u00f6nnen voll generiert werden. So sind w\u00e4hrend des Projektes die Kapazit\u00e4ten f\u00fcr die wesentlichen Aufgaben \u2013 die Bereitstellung der ma\u00dfgeschneiderten Kernprozesse \u2013 frei.<\/p><p>Nachhaltigkeit und Investitionssicherheit erm\u00f6glichen wir durch den Einsatz des perfekten Mix aus aktuellen und zukunftssicheren Standardtechnologien und Frameworks.<\/p><p>Durch diesen ma\u00dfgeschneiderten Ansatz sichern wir unseren Kunden die optimale Abdeckung aller Prozesse und Gesch\u00e4ftsmodelle sowie langfristige Service- und Wertsch\u00f6pfungsvorteile.<\/p>\t\t\t\t\t\t\t\t<\/div>\n\t\t\t\t<\/div>\n\t\t\t\t\t<\/div>\n\t\t<\/div>\n\t\t\t\t\t<\/div>\n\t\t<\/section>\n\t\t\t\t<\/div>\n\t\t","protected":false},"excerpt":{"rendered":"<p>Individualisierung f\u00fcr den Erfolg unserer Kunden SiteOS realisiert exakt auf den Bed\u00fcrfnissen seiner Kunden ausgerichtete IT-Systeme. Je nach Aufgabenstellung setzen wir diese mit offenen, standardisierten oder individuell entwickelten Komponenten um. Fast immer werden unsere Individual-L\u00f6sungen in die existente IT-Landschaft des Kunden integriert. Somit orientiert sich SiteOS-Software stets an den Unternehmensprozessen und der vorhandenen IT-Infrastruktur des [&hellip;]<\/p>\n","protected":false},"author":2,"featured_media":0,"parent":0,"menu_order":0,"comment_status":"closed","ping_status":"closed","template":"","meta":{"footnotes":""},"class_list":["post-18733","page","type-page","status-publish","hentry"],"jetpack_sharing_enabled":true,"_links":{"self":[{"href":"https:\/\/www.siteos.de\/wp\/wp-json\/wp\/v2\/pages\/18733","targetHints":{"allow":["GET"]}}],"collection":[{"href":"https:\/\/www.siteos.de\/wp\/wp-json\/wp\/v2\/pages"}],"about":[{"href":"https:\/\/www.siteos.de\/wp\/wp-json\/wp\/v2\/types\/page"}],"author":[{"embeddable":true,"href":"https:\/\/www.siteos.de\/wp\/wp-json\/wp\/v2\/users\/2"}],"replies":[{"embeddable":true,"href":"https:\/\/www.siteos.de\/wp\/wp-json\/wp\/v2\/comments?post=18733"}],"version-history":[{"count":35,"href":"https:\/\/www.siteos.de\/wp\/wp-json\/wp\/v2\/pages\/18733\/revisions"}],"predecessor-version":[{"id":21657,"href":"https:\/\/www.siteos.de\/wp\/wp-json\/wp\/v2\/pages\/18733\/revisions\/21657"}],"wp:attachment":[{"href":"https:\/\/www.siteos.de\/wp\/wp-json\/wp\/v2\/media?parent=18733"}],"curies":[{"name":"wp","href":"https:\/\/api.w.org\/{rel}","templated":true}]}}