{"id":14,"date":"2021-12-21T07:38:02","date_gmt":"2021-12-21T07:38:02","guid":{"rendered":"https:\/\/thepixelcurve.com\/wp\/techmax\/?page_id=14"},"modified":"2025-06-04T10:02:11","modified_gmt":"2025-06-04T10:02:11","slug":"home-v1","status":"publish","type":"page","link":"https:\/\/www.siteos.de\/wp\/","title":{"rendered":"Startseite"},"content":{"rendered":"\t\t<div data-elementor-type=\"wp-page\" data-elementor-id=\"14\" class=\"elementor elementor-14\" data-elementor-post-type=\"page\">\n\t\t\t\t\t\t<section class=\"elementor-section elementor-top-section elementor-element elementor-element-3a213dc elementor-section-full_width elementor-section-stretched elementor-section-height-default elementor-section-height-default\" data-id=\"3a213dc\" data-element_type=\"section\" data-e-type=\"section\" data-settings=\"{&quot;stretch_section&quot;:&quot;section-stretched&quot;}\">\n\t\t\t\t\t\t<div class=\"elementor-container elementor-column-gap-no\">\n\t\t\t\t\t<div class=\"elementor-column elementor-col-100 elementor-top-column elementor-element elementor-element-c01de6b\" data-id=\"c01de6b\" data-element_type=\"column\" data-e-type=\"column\">\n\t\t\t<div class=\"elementor-widget-wrap elementor-element-populated\">\n\t\t\t\t\t\t<div class=\"elementor-element elementor-element-51bc278 elementor-widget elementor-widget-tpc-hero\" data-id=\"51bc278\" data-element_type=\"widget\" data-e-type=\"widget\" data-settings=\"{&quot;title_animation&quot;:&quot;none&quot;}\" data-widget_type=\"tpc-hero.default\">\n\t\t\t\t<div class=\"elementor-widget-container\">\n\t\t\t\t\t    <div class=\"techmax-hero tech-hero-section-2 d-flex align-items-center\">\r\n        <div class=\"shape-1\"><\/div>\r\n        <div class=\"shape-2\"><\/div>\r\n        <div class=\"shape-3\"><\/div>\r\n        <div class=\"shape-4\"><\/div>\r\n        <div class=\"shape-5\"><\/div>\r\n        <div class=\"techmax-container \">\r\n            <div class=\"row\">\r\n                <div class=\"col-xl-6\">\r\n                    <!-- Hero Content Start -->\r\n                    <div class=\"hero-content\">\r\n                        \r\n                            <h3 class=\"sub-title\" data-aos-delay=\"600\" data-aos=\"fade-up\">\r\n                                IT-Beratung und Softwarel\u00f6sungen        \r\n                            <\/h3>\r\n\r\n                         \r\n\r\n                        \r\n                            <h2 class=\"title\" data-aos-delay=\"800\" data-aos=\"fade-up\">\r\n                                SiteOS AG        \r\n                            <\/h2>\r\n\r\n                                                                <\/div>\r\n                    <!-- Hero Content End -->\r\n                <\/div>\r\n            <\/div>\r\n        <\/div>\r\n    <\/div>\t\t\t\t<\/div>\n\t\t\t\t<\/div>\n\t\t\t\t\t<\/div>\n\t\t<\/div>\n\t\t\t\t\t<\/div>\n\t\t<\/section>\n\t\t\t\t<section class=\"elementor-section elementor-top-section elementor-element elementor-element-e3ba61a elementor-section-boxed elementor-section-height-default elementor-section-height-default\" data-id=\"e3ba61a\" data-element_type=\"section\" data-e-type=\"section\">\n\t\t\t\t\t\t<div class=\"elementor-container elementor-column-gap-default\">\n\t\t\t\t\t<div class=\"elementor-column elementor-col-33 elementor-top-column elementor-element elementor-element-49f56b5\" data-id=\"49f56b5\" data-element_type=\"column\" data-e-type=\"column\">\n\t\t\t<div class=\"elementor-widget-wrap elementor-element-populated\">\n\t\t\t\t\t\t<div class=\"elementor-element elementor-element-df26333 elementor-widget elementor-widget-tpc-service\" data-id=\"df26333\" data-element_type=\"widget\" data-e-type=\"widget\" data-widget_type=\"tpc-service.default\">\n\t\t\t\t<div class=\"elementor-widget-container\">\n\t\t\t\t\t\t\t<div class=\"service-item-wrap service-item-1\">\n\t\t\n\t\t    <a   href=\"\/wp\/software-engineering\/\">\n\n\t\t\n\t    <div class=\"service-item\">\n\n\t        <div class=\"shape-1\"><\/div>\n\n\t        <div class=\"shape-2\">\n\t        \t<img fetchpriority=\"high\" decoding=\"async\" width=\"428\" height=\"165\" src=\"https:\/\/www.siteos.de\/wp\/wp-content\/uploads\/2021\/12\/SSBG32.png\" class=\"attachment-large size-large wp-image-307\" alt=\"\" \/>\t        <\/div>\n\n\t        <div class=\"service-icon\">\n\t        \t<img decoding=\"async\" width=\"74\" height=\"150\" src=\"https:\/\/www.siteos.de\/wp\/wp-content\/uploads\/2022\/06\/3icon@15x.png\" class=\"attachment-thumbnail size-thumbnail wp-image-15136\" alt=\"\" \/>\t        <\/div>\n\n\t        <div class=\"service-content\">\n\t            <h3 class=\"title\">\n\t                Engineering\t            <\/h3>\n\t            <p><\/p>\n\t        <\/div>\n\n\t    <\/div>\n\n\t    \t    <\/a>\n\t    \t<\/div>\n\n\t<!-- Layout 2 -->\n\t\t\t\t\t<\/div>\n\t\t\t\t<\/div>\n\t\t\t\t\t<\/div>\n\t\t<\/div>\n\t\t\t\t<div class=\"elementor-column elementor-col-33 elementor-top-column elementor-element elementor-element-6ce10e1\" data-id=\"6ce10e1\" data-element_type=\"column\" data-e-type=\"column\">\n\t\t\t<div class=\"elementor-widget-wrap elementor-element-populated\">\n\t\t\t\t\t\t<div class=\"elementor-element elementor-element-e739f5d elementor-widget elementor-widget-tpc-service\" data-id=\"e739f5d\" data-element_type=\"widget\" data-e-type=\"widget\" data-widget_type=\"tpc-service.default\">\n\t\t\t\t<div class=\"elementor-widget-container\">\n\t\t\t\t\t\t\t<div class=\"service-item-wrap service-item-1\">\n\t\t\n\t\t    <a   href=\"\/wp\/it-services-consulting\/\">\n\n\t\t\n\t    <div class=\"service-item\">\n\n\t        <div class=\"shape-1\"><\/div>\n\n\t        <div class=\"shape-2\">\n\t        \t<img fetchpriority=\"high\" decoding=\"async\" width=\"428\" height=\"165\" src=\"https:\/\/www.siteos.de\/wp\/wp-content\/uploads\/2021\/12\/SSBG32.png\" class=\"attachment-large size-large wp-image-307\" alt=\"\" \/>\t        <\/div>\n\n\t        <div class=\"service-icon\">\n\t        \t<img decoding=\"async\" width=\"101\" height=\"150\" src=\"https:\/\/www.siteos.de\/wp\/wp-content\/uploads\/2022\/06\/2img@15x.png\" class=\"attachment-thumbnail size-thumbnail wp-image-15135\" alt=\"\" \/>\t        <\/div>\n\n\t        <div class=\"service-content\">\n\t            <h3 class=\"title\">\n\t                Services\t            <\/h3>\n\t            <p><\/p>\n\t        <\/div>\n\n\t    <\/div>\n\n\t    \t    <\/a>\n\t    \t<\/div>\n\n\t<!-- Layout 2 -->\n\t\t\t\t\t<\/div>\n\t\t\t\t<\/div>\n\t\t\t\t\t<\/div>\n\t\t<\/div>\n\t\t\t\t<div class=\"elementor-column elementor-col-33 elementor-top-column elementor-element elementor-element-e408c44\" data-id=\"e408c44\" data-element_type=\"column\" data-e-type=\"column\">\n\t\t\t<div class=\"elementor-widget-wrap elementor-element-populated\">\n\t\t\t\t\t\t<div class=\"elementor-element elementor-element-05e3a9c elementor-widget__width-initial elementor-widget elementor-widget-tpc-service\" data-id=\"05e3a9c\" data-element_type=\"widget\" data-e-type=\"widget\" data-widget_type=\"tpc-service.default\">\n\t\t\t\t<div class=\"elementor-widget-container\">\n\t\t\t\t\t\t\t<div class=\"service-item-wrap service-item-1\">\n\t\t\n\t\t    <a   href=\"\/wp\/it-infrastruktur\/\">\n\n\t\t\n\t    <div class=\"service-item\">\n\n\t        <div class=\"shape-1\"><\/div>\n\n\t        <div class=\"shape-2\">\n\t        \t<img fetchpriority=\"high\" decoding=\"async\" width=\"428\" height=\"165\" src=\"https:\/\/www.siteos.de\/wp\/wp-content\/uploads\/2021\/12\/SSBG32.png\" class=\"attachment-large size-large wp-image-307\" alt=\"\" \/>\t        <\/div>\n\n\t        <div class=\"service-icon\">\n\t        \t<img loading=\"lazy\" decoding=\"async\" width=\"99\" height=\"150\" src=\"https:\/\/www.siteos.de\/wp\/wp-content\/uploads\/2022\/06\/icon@15x.png\" class=\"attachment-thumbnail size-thumbnail wp-image-15138\" alt=\"\" \/>\t        <\/div>\n\n\t        <div class=\"service-content\">\n\t            <h3 class=\"title\">\n\t                Infrastruktur\t            <\/h3>\n\t            <p><\/p>\n\t        <\/div>\n\n\t    <\/div>\n\n\t    \t    <\/a>\n\t    \t<\/div>\n\n\t<!-- Layout 2 -->\n\t\t\t\t\t<\/div>\n\t\t\t\t<\/div>\n\t\t\t\t\t<\/div>\n\t\t<\/div>\n\t\t\t\t\t<\/div>\n\t\t<\/section>\n\t\t\t\t<section class=\"elementor-section elementor-top-section elementor-element elementor-element-f61cd5c elementor-section-boxed elementor-section-height-default elementor-section-height-default\" data-id=\"f61cd5c\" data-element_type=\"section\" data-e-type=\"section\">\n\t\t\t\t\t\t<div class=\"elementor-container elementor-column-gap-default\">\n\t\t\t\t\t<div class=\"elementor-column elementor-col-100 elementor-top-column elementor-element elementor-element-bf8288e\" data-id=\"bf8288e\" data-element_type=\"column\" data-e-type=\"column\">\n\t\t\t<div class=\"elementor-widget-wrap elementor-element-populated\">\n\t\t\t\t\t\t<div class=\"elementor-element elementor-element-9226f69 elementor-widget elementor-widget-spacer\" data-id=\"9226f69\" data-element_type=\"widget\" data-e-type=\"widget\" data-widget_type=\"spacer.default\">\n\t\t\t\t<div class=\"elementor-widget-container\">\n\t\t\t\t\t\t\t<div class=\"elementor-spacer\">\n\t\t\t<div class=\"elementor-spacer-inner\"><\/div>\n\t\t<\/div>\n\t\t\t\t\t\t<\/div>\n\t\t\t\t<\/div>\n\t\t\t\t\t<\/div>\n\t\t<\/div>\n\t\t\t\t\t<\/div>\n\t\t<\/section>\n\t\t\t\t<section class=\"elementor-section elementor-top-section elementor-element elementor-element-fa4e2ef elementor-section-boxed elementor-section-height-default elementor-section-height-default\" data-id=\"fa4e2ef\" data-element_type=\"section\" data-e-type=\"section\">\n\t\t\t\t\t\t<div class=\"elementor-container elementor-column-gap-default\">\n\t\t\t\t\t<div class=\"elementor-column elementor-col-50 elementor-top-column elementor-element elementor-element-2aa33b6\" data-id=\"2aa33b6\" data-element_type=\"column\" data-e-type=\"column\">\n\t\t\t<div class=\"elementor-widget-wrap elementor-element-populated\">\n\t\t\t\t\t\t<div class=\"elementor-element elementor-element-73b4a79 elementor-widget elementor-widget-image\" data-id=\"73b4a79\" data-element_type=\"widget\" data-e-type=\"widget\" data-widget_type=\"image.default\">\n\t\t\t\t<div class=\"elementor-widget-container\">\n\t\t\t\t\t\t\t\t\t\t\t\t\t\t\t<img loading=\"lazy\" decoding=\"async\" width=\"1024\" height=\"576\" src=\"https:\/\/www.siteos.de\/wp\/wp-content\/uploads\/2021\/04\/MUH761.jpg\" class=\"attachment-large size-large wp-image-9832\" alt=\"\" \/>\t\t\t\t\t\t\t\t\t\t\t\t\t\t\t<\/div>\n\t\t\t\t<\/div>\n\t\t\t\t\t<\/div>\n\t\t<\/div>\n\t\t\t\t<div class=\"elementor-column elementor-col-50 elementor-top-column elementor-element elementor-element-9e1885a\" data-id=\"9e1885a\" data-element_type=\"column\" data-e-type=\"column\">\n\t\t\t<div class=\"elementor-widget-wrap elementor-element-populated\">\n\t\t\t\t\t\t<div class=\"elementor-element elementor-element-47b1c5f elementor-widget elementor-widget-heading\" data-id=\"47b1c5f\" data-element_type=\"widget\" data-e-type=\"widget\" data-widget_type=\"heading.default\">\n\t\t\t\t<div class=\"elementor-widget-container\">\n\t\t\t\t\t<h2 class=\"elementor-heading-title elementor-size-default\">Unsere Kompetenzen<\/h2>\t\t\t\t<\/div>\n\t\t\t\t<\/div>\n\t\t\t\t<div class=\"elementor-element elementor-element-7ad3157 elementor-widget elementor-widget-text-editor\" data-id=\"7ad3157\" data-element_type=\"widget\" data-e-type=\"widget\" data-widget_type=\"text-editor.default\">\n\t\t\t\t<div class=\"elementor-widget-container\">\n\t\t\t\t\t\t\t\t\t<p>Die\u00a0<strong>SiteOS AG<\/strong>\u00a0ist der Partner f\u00fcr die Konzeption, Entwicklung und Integration individueller Softwarel\u00f6sungen. Als kompetenter Full-Service-Dienstleister f\u00fcr Projekte unterschiedlicher Gr\u00f6\u00dfenordnung und Branchen liefert SiteOS Impulse f\u00fcr neue L\u00f6sungsans\u00e4tze und Technologien.<\/p><p>Seit dem Jahr 2000 setzt die SiteOS AG ihre Kompetenz und ihr Expertenwissen erfolgreich in folgenden Gesch\u00e4ftsfeldern um:<\/p><ul><li>Engineering: Software Entwicklung<\/li><li>Web: Online-Anwendungen und Portale<\/li><li>Leasing &amp; Fleet: IT-Applikationen f\u00fcr Leasing- und Fuhrparkverwaltung<\/li><li>Events &amp; Veranstaltungen: Individuelle Tools zur Teilnehmer-\/Veranstaltungsverwaltung<\/li><\/ul>\t\t\t\t\t\t\t\t<\/div>\n\t\t\t\t<\/div>\n\t\t\t\t\t<\/div>\n\t\t<\/div>\n\t\t\t\t\t<\/div>\n\t\t<\/section>\n\t\t\t\t<section class=\"elementor-section elementor-top-section elementor-element elementor-element-d4a007d elementor-section-boxed elementor-section-height-default elementor-section-height-default\" data-id=\"d4a007d\" data-element_type=\"section\" data-e-type=\"section\">\n\t\t\t\t\t\t<div class=\"elementor-container elementor-column-gap-default\">\n\t\t\t\t\t<div class=\"elementor-column elementor-col-100 elementor-top-column elementor-element elementor-element-dcbadfd\" data-id=\"dcbadfd\" data-element_type=\"column\" data-e-type=\"column\">\n\t\t\t<div class=\"elementor-widget-wrap elementor-element-populated\">\n\t\t\t\t\t\t<div class=\"elementor-element elementor-element-5625f04 elementor-widget elementor-widget-text-editor\" data-id=\"5625f04\" data-element_type=\"widget\" data-e-type=\"widget\" data-widget_type=\"text-editor.default\">\n\t\t\t\t<div class=\"elementor-widget-container\">\n\t\t\t\t\t\t\t\t\t<p>Wir bieten unseren Kunden <strong>innovative, ma\u00dfgeschneiderte Systeme<\/strong> zur Realisierung und Optimierung von Gesch\u00e4fts- und Kommunikationsprozessen.<\/p><p>Als Entwicklungs-Partner ist unser prim\u00e4res Ziel die optimale und umfassende Unterst\u00fctzung unserer Kunden. Um somit einen deutlichen Mehrwert zu erreichen &#8211; sei es bei den Kosten, der Qualit\u00e4t oder der Agilit\u00e4t.<\/p>\t\t\t\t\t\t\t\t<\/div>\n\t\t\t\t<\/div>\n\t\t\t\t\t<\/div>\n\t\t<\/div>\n\t\t\t\t\t<\/div>\n\t\t<\/section>\n\t\t\t\t<section class=\"elementor-section elementor-top-section elementor-element elementor-element-5a1789d elementor-section-boxed elementor-section-height-default elementor-section-height-default\" data-id=\"5a1789d\" data-element_type=\"section\" data-e-type=\"section\">\n\t\t\t\t\t\t<div class=\"elementor-container elementor-column-gap-default\">\n\t\t\t\t\t<div class=\"elementor-column elementor-col-100 elementor-top-column elementor-element elementor-element-345ce23\" data-id=\"345ce23\" data-element_type=\"column\" data-e-type=\"column\">\n\t\t\t<div class=\"elementor-widget-wrap elementor-element-populated\">\n\t\t\t\t\t\t<div class=\"elementor-element elementor-element-a3c0eae elementor-widget elementor-widget-spacer\" data-id=\"a3c0eae\" data-element_type=\"widget\" data-e-type=\"widget\" data-widget_type=\"spacer.default\">\n\t\t\t\t<div class=\"elementor-widget-container\">\n\t\t\t\t\t\t\t<div class=\"elementor-spacer\">\n\t\t\t<div class=\"elementor-spacer-inner\"><\/div>\n\t\t<\/div>\n\t\t\t\t\t\t<\/div>\n\t\t\t\t<\/div>\n\t\t\t\t\t<\/div>\n\t\t<\/div>\n\t\t\t\t\t<\/div>\n\t\t<\/section>\n\t\t\t\t<section class=\"elementor-section elementor-top-section elementor-element elementor-element-d90cefa elementor-section-boxed elementor-section-height-default elementor-section-height-default\" data-id=\"d90cefa\" data-element_type=\"section\" data-e-type=\"section\">\n\t\t\t\t\t\t<div class=\"elementor-container elementor-column-gap-default\">\n\t\t\t\t\t<div class=\"elementor-column elementor-col-25 elementor-top-column elementor-element elementor-element-b4600e9\" data-id=\"b4600e9\" data-element_type=\"column\" data-e-type=\"column\">\n\t\t\t<div class=\"elementor-widget-wrap elementor-element-populated\">\n\t\t\t\t\t\t<div class=\"elementor-element elementor-element-51c234c elementor-widget elementor-widget-spacer\" data-id=\"51c234c\" data-element_type=\"widget\" data-e-type=\"widget\" data-widget_type=\"spacer.default\">\n\t\t\t\t<div class=\"elementor-widget-container\">\n\t\t\t\t\t\t\t<div class=\"elementor-spacer\">\n\t\t\t<div class=\"elementor-spacer-inner\"><\/div>\n\t\t<\/div>\n\t\t\t\t\t\t<\/div>\n\t\t\t\t<\/div>\n\t\t\t\t<div class=\"elementor-element elementor-element-7435876 elementor-widget__width-initial elementor-widget elementor-widget-image\" data-id=\"7435876\" data-element_type=\"widget\" data-e-type=\"widget\" data-widget_type=\"image.default\">\n\t\t\t\t<div class=\"elementor-widget-container\">\n\t\t\t\t\t\t\t\t\t\t\t\t\t\t\t<img loading=\"lazy\" decoding=\"async\" width=\"100\" height=\"100\" src=\"https:\/\/www.siteos.de\/wp\/wp-content\/uploads\/2022\/07\/micon-4.png\" class=\"attachment-large size-large wp-image-16129\" alt=\"\" \/>\t\t\t\t\t\t\t\t\t\t\t\t\t\t\t<\/div>\n\t\t\t\t<\/div>\n\t\t\t\t\t<\/div>\n\t\t<\/div>\n\t\t\t\t<div class=\"elementor-column elementor-col-25 elementor-top-column elementor-element elementor-element-cc94c7d\" data-id=\"cc94c7d\" data-element_type=\"column\" data-e-type=\"column\">\n\t\t\t<div class=\"elementor-widget-wrap elementor-element-populated\">\n\t\t\t\t\t\t<div class=\"elementor-element elementor-element-3159bf0 elementor-widget__width-initial elementor-widget elementor-widget-text-editor\" data-id=\"3159bf0\" data-element_type=\"widget\" data-e-type=\"widget\" data-widget_type=\"text-editor.default\">\n\t\t\t\t<div class=\"elementor-widget-container\">\n\t\t\t\t\t\t\t\t\t<p>\u00a0<\/p><p style=\"text-align: left;\"><strong><span style=\"color: #005de0;\">Wir freuen uns auf Ihre Nachricht!<\/span><\/strong><\/p><p><strong><span style=\"color: #005de0;\">Kontaktieren Sie uns per E-Mail <\/span><\/strong><strong><span style=\"color: #005de0;\">oder\u00a0 per Telefon.<\/span><\/strong><\/p>\t\t\t\t\t\t\t\t<\/div>\n\t\t\t\t<\/div>\n\t\t\t\t\t<\/div>\n\t\t<\/div>\n\t\t\t\t<div class=\"elementor-column elementor-col-50 elementor-top-column elementor-element elementor-element-3a6873b\" data-id=\"3a6873b\" data-element_type=\"column\" data-e-type=\"column\">\n\t\t\t<div class=\"elementor-widget-wrap elementor-element-populated\">\n\t\t\t\t\t\t<div class=\"elementor-element elementor-element-b7772bc elementor-widget__width-initial elementor-widget elementor-widget-image\" data-id=\"b7772bc\" data-element_type=\"widget\" data-e-type=\"widget\" data-widget_type=\"image.default\">\n\t\t\t\t<div class=\"elementor-widget-container\">\n\t\t\t\t\t\t\t\t\t\t\t\t\t\t\t<img loading=\"lazy\" decoding=\"async\" width=\"1024\" height=\"576\" src=\"https:\/\/www.siteos.de\/wp\/wp-content\/uploads\/2021\/04\/JAK9746.jpg\" class=\"attachment-large size-large wp-image-16357\" alt=\"\" \/>\t\t\t\t\t\t\t\t\t\t\t\t\t\t\t<\/div>\n\t\t\t\t<\/div>\n\t\t\t\t\t<\/div>\n\t\t<\/div>\n\t\t\t\t\t<\/div>\n\t\t<\/section>\n\t\t\t\t<\/div>\n\t\t","protected":false},"excerpt":{"rendered":"<p>IT-Beratung und Softwarel\u00f6sungen SiteOS AG Engineering Services Infrastruktur Unsere Kompetenzen Die\u00a0SiteOS AG\u00a0ist der Partner f\u00fcr die Konzeption, Entwicklung und Integration individueller Softwarel\u00f6sungen. Als kompetenter Full-Service-Dienstleister f\u00fcr Projekte unterschiedlicher Gr\u00f6\u00dfenordnung und Branchen liefert SiteOS Impulse f\u00fcr neue L\u00f6sungsans\u00e4tze und Technologien. Seit dem Jahr 2000 setzt die SiteOS AG ihre Kompetenz und ihr Expertenwissen erfolgreich in folgenden [&hellip;]<\/p>\n","protected":false},"author":11,"featured_media":0,"parent":0,"menu_order":0,"comment_status":"closed","ping_status":"closed","template":"","meta":{"footnotes":""},"class_list":["post-14","page","type-page","status-publish","hentry"],"jetpack_sharing_enabled":true,"_links":{"self":[{"href":"https:\/\/www.siteos.de\/wp\/wp-json\/wp\/v2\/pages\/14","targetHints":{"allow":["GET"]}}],"collection":[{"href":"https:\/\/www.siteos.de\/wp\/wp-json\/wp\/v2\/pages"}],"about":[{"href":"https:\/\/www.siteos.de\/wp\/wp-json\/wp\/v2\/types\/page"}],"author":[{"embeddable":true,"href":"https:\/\/www.siteos.de\/wp\/wp-json\/wp\/v2\/users\/11"}],"replies":[{"embeddable":true,"href":"https:\/\/www.siteos.de\/wp\/wp-json\/wp\/v2\/comments?post=14"}],"version-history":[{"count":161,"href":"https:\/\/www.siteos.de\/wp\/wp-json\/wp\/v2\/pages\/14\/revisions"}],"predecessor-version":[{"id":23876,"href":"https:\/\/www.siteos.de\/wp\/wp-json\/wp\/v2\/pages\/14\/revisions\/23876"}],"wp:attachment":[{"href":"https:\/\/www.siteos.de\/wp\/wp-json\/wp\/v2\/media?parent=14"}],"curies":[{"name":"wp","href":"https:\/\/api.w.org\/{rel}","templated":true}]}}